{"id":179,"date":"2022-09-19T04:53:36","date_gmt":"2022-09-19T04:53:36","guid":{"rendered":"https:\/\/arunsinghkranti.com\/?page_id=179"},"modified":"2025-10-25T16:49:43","modified_gmt":"2025-10-25T16:49:43","slug":"endeavors","status":"publish","type":"page","link":"https:\/\/arunsinghkranti.com\/index.php\/endeavors\/","title":{"rendered":"Endeavors"},"content":{"rendered":"\n<h2 class=\"has-text-align-center has-text-color has-large-font-size wp-block-heading\" style=\"color:#0a3799;font-style:normal;font-weight:800\">Trans<strong><em>formational<\/em> <\/strong>Vent<strong>ures<br>by<br><\/strong>A<strong>run<\/strong> S<strong>ingh<\/strong> K<strong>RANTi<\/strong><\/h2>\n\n\n\n<hr class=\"wp-block-separator has-alpha-channel-opacity\"\/>\n\n\n\n<h2 class=\"has-text-align-center has-text-color has-medium-font-size wp-block-heading\" style=\"color:#0a3799;font-style:normal;font-weight:800\">7 <strong>Mega <\/strong>Pro<strong>jects<\/strong><\/h2>\n\n\n\n<p class=\"has-text-align-center has-text-color\" style=\"color:#a406f2\"><strong>\u0905\u0938\u0919\u094d\u0915 \u091c\u0940\u0935\u0928<\/strong> | <strong>Asa\u1e45ka J\u012bvana<\/strong><\/p>\n\n\n\n<p class=\"has-text-align-center\"><strong>Par\u0101 Vidy\u0101<\/strong><\/p>\n\n\n\n<p class=\"has-text-align-center\">Parame\u1e63\u1e6dhi Rahasyam<\/p>\n\n\n\n<p class=\"has-text-align-center\">Parama Rahasyam<\/p>\n\n\n\n<p class=\"has-text-align-center\">Mah\u0101 Rahasyam<\/p>\n\n\n\n<p class=\"has-text-align-center\">\u0936\u094d\u0930\u0940\u0935\u093f\u0926\u094d\u092f\u093e \u092e\u0939\u093e\u0915\u0932\u094d\u092a<\/p>\n\n\n\n<p class=\"has-text-align-center\">\u092e\u0939\u093e\u0928\u093f\u0930\u094d\u0935\u093e\u0923\u0924\u0928\u094d\u0924\u094d\u0930\u092e\u094d<\/p>\n\n\n\n<p class=\"has-text-align-center\"><strong>Par\u0101par\u0101 Avatara\u1e47a Vidy\u0101<\/strong> (Par\u0101 Apar\u0101)<\/p>\n\n\n\n<p class=\"has-text-align-center\">\u0938\u092e\u094d\u092a\u0942\u0930\u094d\u0923 \u0924\u094d\u0930\u093f\u092a\u0941\u0930\u093e \u092e\u0939\u093e\u0935\u093f\u0926\u094d\u092f\u093e [\u0939\u093e\u0926\u093f \u0935\u093f\u0926\u094d\u092f\u093e]<\/p>\n\n\n\n<p class=\"has-text-align-center\"><strong>Apar\u0101par\u0101 \u016ardhvacet\u0101 Vidy\u0101<\/strong> (Apar\u0101 Par\u0101)<\/p>\n\n\n\n<p class=\"has-text-align-center\">Ku\u1e47\u1e0dalin\u012b Chakra Vidy\u0101<\/p>\n\n\n\n<p class=\"has-text-align-center\">\u0938\u092e\u094d\u092a\u0942\u0930\u094d\u0923 \u0924\u094d\u0930\u093f\u092a\u0941\u0930\u093e \u092e\u0939\u093e\u0935\u093f\u0926\u094d\u092f\u093e [\u0915\u093e\u0926\u093f \u0935\u093f\u0926\u094d\u092f\u093e]<\/p>\n\n\n\n<p class=\"has-text-align-center\"><strong>A<\/strong><strong>&#8211;<\/strong><strong>par\u0101 Vidy\u0101<\/strong><\/p>\n\n\n\n<p class=\"has-text-align-center\">Vedic Living Mastery (\u091c\u094d\u092f\u094b\u0924\u093f\u0930\u094d\u092e\u092f \u091c\u0940\u0935\u0928)<\/p>\n\n\n\n<p class=\"has-text-align-center\">Jyoti\u1e63a<\/p>\n\n\n\n<p class=\"has-text-align-center\">Mah\u0101rahasyam<\/p>\n\n\n\n<p class=\"has-text-align-center\">Hastarekh\u0101<\/p>\n\n\n\n<p class=\"has-text-align-center\">Tattva V\u0101stu<\/p>\n\n\n\n<p class=\"has-text-align-center\">A\u1e45kaj\u0101takam<\/p>\n\n\n\n<p class=\"has-text-align-center\">Sm\u1e5bti \u015aik\u1e63\u0101<\/p>\n\n\n\n<p class=\"has-text-align-center\">Memory Mastery<\/p>\n\n\n\n<p class=\"has-text-align-center\">Muhurta Rahasyam<\/p>\n\n\n\n<p class=\"has-text-align-center has-text-color\" style=\"color:#0613b0\"><strong>\u092e\u093e\u0908 \u0935\u093f\u0926\u094d\u092f\u093e<\/strong> | <strong><strong>MAE VIDYA<\/strong><\/strong><\/p>\n\n\n\n<p class=\"has-text-align-center\">\u091a\u0948\u0924\u094d\u092f \u0935\u093f\u0926\u094d\u092f\u093e<\/p>\n\n\n\n<p class=\"has-text-align-center\">\u092e\u0928\u094b\u092e\u092f\u0940 Manifestation<\/p>\n\n\n\n<p class=\"has-text-align-center\">Vaidik Reality Bending (VRB)<\/p>\n\n\n\n<p class=\"has-text-align-center\">Brahmavarchas Energy Integration &amp; Neurological Generation (BEING)<\/p>\n\n\n\n<p class=\"has-text-align-center\">\u0935\u093e\u0915\u094d \u0938\u093f\u0926\u094d\u0927\u093f<\/p>\n\n\n\n<p class=\"has-text-align-center\">\u092a\u0930\u093e\u0935\u093e\u0915\u094d \u0938\u093f\u0926\u094d\u0927\u093f<\/p>\n\n\n\n<p class=\"has-text-align-center\">\u0905\u0925\u0930\u094d\u0935\u093e NLP<\/p>\n\n\n\n<p class=\"has-text-align-center has-vivid-cyan-blue-color has-text-color\"><strong>\u0905\u0926\u094d\u0935\u0948\u0924 \u092a\u094d\u0930\u091c\u094d\u091e\u093e<\/strong> | <strong>Advaita Praj\u00f1\u0101<\/strong><\/p>\n\n\n\n<p class=\"has-text-align-center\">108 Upani\u1e63ads<\/p>\n\n\n\n<p class=\"has-text-align-center\">Dhyana \u0100nanda<\/p>\n\n\n\n<p class=\"has-text-align-center has-vivid-green-cyan-color has-text-color\"><strong>\u0905\u0928\u093e\u0939\u0924\u094d \u0938\u0902\u0915\u094d\u0930\u093f\u092f\u093e<\/strong> | <strong>An\u0101hat Sa\u1e43kriy\u0101<\/strong><\/p>\n\n\n\n<p class=\"has-text-align-center\">N\u0101da Sadhana<\/p>\n\n\n\n<p class=\"has-text-align-center\">Pra\u1e47ava Vidy\u0101<\/p>\n\n\n\n<p class=\"has-text-align-center has-luminous-vivid-amber-color has-text-color\"><strong>\u0905\u092e\u0930\u094d\u0924\u094d\u092f \u0935\u093f\u0926\u094d\u092f\u093e<\/strong> | <strong>Amartya Vidy\u0101<\/strong><\/p>\n\n\n\n<p class=\"has-text-align-center\">Yog<\/p>\n\n\n\n<p class=\"has-text-align-center\">Sol-Secrets<\/p>\n\n\n\n<p class=\"has-text-align-center\">Tejasvin\u012b \u015aik\u1e63\u0101<\/p>\n\n\n\n<p class=\"has-text-align-center\">Rudr\u0101k\u1e63a Therapy<\/p>\n\n\n\n<p class=\"has-text-align-center has-luminous-vivid-orange-color has-text-color\"><strong>\u0905\u0935\u091a\u0948\u0924\u094d\u092f \u092a\u0930\u092e\u093e \u0939\u0940\u0932\u093f\u0919\u094d\u0917<\/strong> | <strong>Avachaitya Param\u0101<\/strong> <strong>Healing<\/strong><\/p>\n\n\n\n<p class=\"has-text-align-center\">Subconscious Mastery<\/p>\n\n\n\n<p class=\"has-text-align-center\">Mah\u0101pr\u0101\u1e47ika Healing<\/p>\n\n\n\n<p class=\"has-text-align-center\">Metaconscious Self-Healing<\/p>\n\n\n\n<p class=\"has-text-align-center has-vivid-red-color has-text-color\"><strong>\u0905\u0925\u0930\u094d\u0935\u093e \u0938\u091e\u094d\u091c\u0928\u0928<\/strong> | <strong>Atharv\u0101<\/strong> <strong>Sa\u00f1janana<\/strong><\/p>\n\n\n\n<p class=\"has-text-align-center\">Atharv\u0101 NLP<\/p>\n\n\n\n<p class=\"has-text-align-center\">Vedic Laws of Attraction (SHAILA : Sacred \u2013 Holistic Atharvo-Impulsic Law of Attraction)<\/p>\n\n\n\n<p class=\"has-text-align-center\">Santati \u015aik\u1e63\u0101<\/p>\n\n\n\n<p class=\"has-text-align-center\">Relationship Mastery<\/p>\n\n\n\n<p class=\"has-text-align-center\">K\u0101may\u0101b\u012b S\u016btras<\/p>\n\n\n\n<p class=\"has-text-align-center\">Perception Mastery<\/p>\n\n\n\n<p class=\"has-text-align-center\">Freedom Vidy\u0101<\/p>\n\n\n\n<p class=\"has-text-align-center\">TimeLine Siddhi<\/p>\n\n\n\n<p class=\"has-text-align-center\">Inner En-Structuring<\/p>\n\n\n\n<p class=\"has-text-align-center\">Oriental Leadership<\/p>\n\n\n\n<p class=\"has-text-align-center\">Past-Perfection<\/p>\n\n\n\n<p class=\"has-text-align-center\">Present-Perfection<\/p>\n\n\n\n<p class=\"has-text-align-center\">Future-Perfection<\/p>\n\n\n\n<p class=\"has-text-align-center\">Vedic Timeline-Mastery<\/p>\n\n\n\n<p class=\"has-text-align-center\">Aim-Game Supercode<\/p>\n\n\n\n<p class=\"has-text-align-center\">Sa\u1e43sk\u1e5bta<\/p>\n\n\n\n<hr class=\"wp-block-separator has-alpha-channel-opacity\"\/>\n\n\n\n<div class=\"wp-block-cover alignfull is-light\" style=\"min-height:510px;aspect-ratio:unset;\"><span aria-hidden=\"true\" class=\"wp-block-cover__background has-background-dim-100 has-background-dim\" style=\"background-color:#ffffff\"><\/span><div class=\"wp-block-cover__inner-container is-layout-flow wp-block-cover-is-layout-flow\">\n<div class=\"wp-block-cover alignfull is-light\" style=\"min-height:544px;aspect-ratio:unset;\"><span aria-hidden=\"true\" class=\"wp-block-cover__background has-background-dim-100 has-background-dim\" style=\"background-color:#ffffff\"><\/span><div class=\"wp-block-cover__inner-container is-layout-flow wp-block-cover-is-layout-flow\">\n<div class=\"wp-block-media-text alignwide is-stacked-on-mobile is-vertically-aligned-center\" style=\"grid-template-columns:56% auto\"><figure class=\"wp-block-media-text__media\"><img loading=\"lazy\" decoding=\"async\" width=\"440\" height=\"250\" src=\"http:\/\/arunsinghkranti.com\/wp-content\/uploads\/2022\/09\/cropped-asanka1-1.png\" alt=\"\" class=\"wp-image-161 size-full\" srcset=\"https:\/\/arunsinghkranti.com\/wp-content\/uploads\/2022\/09\/cropped-asanka1-1.png 440w, https:\/\/arunsinghkranti.com\/wp-content\/uploads\/2022\/09\/cropped-asanka1-1-300x170.png 300w\" sizes=\"auto, (max-width: 440px) 100vw, 440px\" \/><\/figure><div class=\"wp-block-media-text__content\">\n<h2 class=\"has-vivid-red-color has-text-color wp-block-heading\" style=\"font-size:32px\">To-wards <strong>the <\/strong>un<strong>distorted<\/strong> YOU<strong>NIVERSE<\/strong><\/h2>\n\n\n\n<p class=\"has-text-color\" style=\"color:#000000;font-size:17px\">Spiritual Neuro Linguistic Programming is a great tool to harness the Unlimited&nbsp;<strong>Powers of Sub-Conscious&nbsp;<\/strong>and<strong>&nbsp;Super Conscious Mind<\/strong>&nbsp;&nbsp;to achieve every possible ambition. Using simple techniques of &nbsp;NLP, one can easily empower his mind and thus himself to be able to &nbsp;solve various challenges of life. &nbsp;NLP is believed to be the most &nbsp;authentic and&nbsp;<strong>most effective Human Mind Technology<\/strong>&nbsp;that has tremendous power and potential to resolve most of Mental and Emotional issues.<\/p>\n\n\n\n<div class=\"wp-block-buttons is-layout-flex wp-block-buttons-is-layout-flex\">\n<div class=\"wp-block-button aligncenter is-style-outline is-style-outline--1\"><a class=\"wp-block-button__link has-pale-pink-background-color has-background\" href=\"https:\/\/asanka.life\/\" target=\"_blank\" rel=\"noreferrer noopener\"><strong>www.Asanka.LIFE<\/strong><\/a><\/div>\n<\/div>\n<\/div><\/div>\n<\/div><\/div>\n\n\n\n<div class=\"wp-block-cover alignfull is-light\" style=\"min-height:544px;aspect-ratio:unset;\"><span aria-hidden=\"true\" class=\"wp-block-cover__background has-background-dim-100 has-background-dim\" style=\"background-color:#ffffff\"><\/span><div class=\"wp-block-cover__inner-container is-layout-flow wp-block-cover-is-layout-flow\">\n<div class=\"wp-block-media-text alignwide is-stacked-on-mobile is-vertically-aligned-center\" style=\"grid-template-columns:56% auto\"><figure class=\"wp-block-media-text__media\"><img loading=\"lazy\" decoding=\"async\" width=\"1000\" height=\"956\" src=\"https:\/\/arunsinghkranti.com\/wp-content\/uploads\/2022\/09\/cosmicure-logo-1.png\" alt=\"\" class=\"wp-image-361 size-full\" srcset=\"https:\/\/arunsinghkranti.com\/wp-content\/uploads\/2022\/09\/cosmicure-logo-1.png 1000w, https:\/\/arunsinghkranti.com\/wp-content\/uploads\/2022\/09\/cosmicure-logo-1-300x287.png 300w, https:\/\/arunsinghkranti.com\/wp-content\/uploads\/2022\/09\/cosmicure-logo-1-768x734.png 768w\" sizes=\"auto, (max-width: 1000px) 100vw, 1000px\" \/><\/figure><div class=\"wp-block-media-text__content\">\n<h2 class=\"has-text-color wp-block-heading\" style=\"color:#000000;font-size:32px\">To-<strong>tal <\/strong>Trans<strong>-formation with Arun Singh KRANTI<\/strong><\/h2>\n\n\n\n<p class=\"has-text-color\" style=\"color:#000000;font-size:17px\">Jyoti\u1e63a M\u0101rgadar\u015bana (guidance through Bh\u0101ratian Astrology), Living Mastery Mentoring, Coaching for Life-Coaches, Atharv\u0101 NLP (amalgamation of Neurolinguistic Programming and Ved\u0101ntiK Secrets), Mah\u0101pr\u0101\u1e47iK Healing, Daivaj\u00f1a Numeroscopy, Oriental Parenting, Vaidika Laws of Attraction Coaching, True-Success Mentoring, Vyaktitva Development Coaching, Family and Relationships Counselling, Corporate Counselling, Authors Mentoring, Sports Peak-Performance Counselling, Dh\u012b-\u015bakti Memory Mentoring, Vaidika Mathematics Tutoring, Anta\u1e25 Pr\u0101j\u00f1atva Meditation Coaching, Reality Manifestation Coaching, Living-in-Happiness Coaching, Youniversal Laws of Leadership Coaching, Mudr\u0101 Healing, Mantra therapy, Palmistry, Ku\u1e47\u1e0dalin\u012b Research, Vaidika Pilgrimage Guide &amp; Rudraksha-Healing.<\/p>\n\n\n\n<div class=\"wp-block-buttons is-layout-flex wp-block-buttons-is-layout-flex\">\n<div class=\"wp-block-button aligncenter is-style-fill\"><a class=\"wp-block-button__link\">Learn more<\/a><\/div>\n<\/div>\n<\/div><\/div>\n<\/div><\/div>\n<\/div><\/div>\n\n\n\n<p><\/p>\n","protected":false},"excerpt":{"rendered":"<p>Transformational VenturesbyArun Singh KRANTi 7 Mega Projects \u0905\u0938\u0919\u094d\u0915 \u091c\u0940\u0935\u0928 | Asa\u1e45ka J\u012bvana Par\u0101 Vidy\u0101 Parame\u1e63\u1e6dhi Rahasyam Parama Rahasyam Mah\u0101 Rahasyam \u0936\u094d\u0930\u0940\u0935\u093f\u0926\u094d\u092f\u093e \u092e\u0939\u093e\u0915\u0932\u094d\u092a \u092e\u0939\u093e\u0928\u093f\u0930\u094d\u0935\u093e\u0923\u0924\u0928\u094d\u0924\u094d\u0930\u092e\u094d Par\u0101par\u0101 Avatara\u1e47a Vidy\u0101 (Par\u0101 Apar\u0101) \u0938\u092e\u094d\u092a\u0942\u0930\u094d\u0923 \u0924\u094d\u0930\u093f\u092a\u0941\u0930\u093e \u092e\u0939\u093e\u0935\u093f\u0926\u094d\u092f\u093e [\u0939\u093e\u0926\u093f \u0935\u093f\u0926\u094d\u092f\u093e] Apar\u0101par\u0101 \u016ardhvacet\u0101 Vidy\u0101 (Apar\u0101 Par\u0101) Ku\u1e47\u1e0dalin\u012b Chakra Vidy\u0101 \u0938\u092e\u094d\u092a\u0942\u0930\u094d\u0923 \u0924\u094d\u0930\u093f\u092a\u0941\u0930\u093e \u092e\u0939\u093e\u0935\u093f\u0926\u094d\u092f\u093e [\u0915\u093e\u0926\u093f \u0935\u093f\u0926\u094d\u092f\u093e] A&#8211;par\u0101 Vidy\u0101 Vedic Living Mastery (\u091c\u094d\u092f\u094b\u0924\u093f\u0930\u094d\u092e\u092f \u091c\u0940\u0935\u0928) Jyoti\u1e63a Mah\u0101rahasyam&hellip; <br \/> <a class=\"read-more\" href=\"https:\/\/arunsinghkranti.com\/index.php\/endeavors\/\">Read more<\/a><\/p>\n","protected":false},"author":1,"featured_media":0,"parent":0,"menu_order":0,"comment_status":"closed","ping_status":"closed","template":"","meta":{"om_disable_all_campaigns":false,"_monsterinsights_skip_tracking":false,"_monsterinsights_sitenote_active":false,"_monsterinsights_sitenote_note":"","_monsterinsights_sitenote_category":0,"footnotes":""},"class_list":["post-179","page","type-page","status-publish","hentry"],"aioseo_notices":[],"_links":{"self":[{"href":"https:\/\/arunsinghkranti.com\/index.php\/wp-json\/wp\/v2\/pages\/179","targetHints":{"allow":["GET"]}}],"collection":[{"href":"https:\/\/arunsinghkranti.com\/index.php\/wp-json\/wp\/v2\/pages"}],"about":[{"href":"https:\/\/arunsinghkranti.com\/index.php\/wp-json\/wp\/v2\/types\/page"}],"author":[{"embeddable":true,"href":"https:\/\/arunsinghkranti.com\/index.php\/wp-json\/wp\/v2\/users\/1"}],"replies":[{"embeddable":true,"href":"https:\/\/arunsinghkranti.com\/index.php\/wp-json\/wp\/v2\/comments?post=179"}],"version-history":[{"count":39,"href":"https:\/\/arunsinghkranti.com\/index.php\/wp-json\/wp\/v2\/pages\/179\/revisions"}],"predecessor-version":[{"id":489,"href":"https:\/\/arunsinghkranti.com\/index.php\/wp-json\/wp\/v2\/pages\/179\/revisions\/489"}],"wp:attachment":[{"href":"https:\/\/arunsinghkranti.com\/index.php\/wp-json\/wp\/v2\/media?parent=179"}],"curies":[{"name":"wp","href":"https:\/\/api.w.org\/{rel}","templated":true}]}}